{"id":9,"date":"2026-02-25T02:44:24","date_gmt":"2026-02-25T02:44:24","guid":{"rendered":"https:\/\/blockresearchhub.site\/?page_id=9"},"modified":"2026-02-25T02:44:24","modified_gmt":"2026-02-25T02:44:24","slug":"trang-chu","status":"publish","type":"page","link":"https:\/\/blockresearchhub.site\/","title":{"rendered":"Trang ch\u1ee7"},"content":{"rendered":"\n<!-- ========== HERO BANNER ========== -->\n<section class=\"br-hero\">\n  <div class=\"br-hero__bg\"><\/div>\n  <div class=\"br-container\">\n    <div class=\"br-hero__content\">\n      <span class=\"br-badge\">\ud83d\udd2c Blockchain Research \u00b7 On-chain \u00b7 Protocol Analysis<\/span>\n      <h1 class=\"br-hero__title\">Hub Nghi\u00ean C\u1ee9u <br><span class=\"br-gradient-text\">Blockchain H\u00e0ng \u0110\u1ea7u<\/span><br>Vi\u1ec7t Nam<\/h1>\n      <p class=\"br-hero__desc\">B\u00e1o c\u00e1o nghi\u00ean c\u1ee9u chuy\u00ean s\u00e2u v\u1ec1 giao th\u1ee9c blockchain, protocol mechanics, cryptoeconomics v\u00e0 h\u1ec7 sinh th\u00e1i Web3 \u2014 chu\u1ea9n m\u1ef1c h\u1ecdc thu\u1eadt, ng\u00f4n ng\u1eef Vi\u1ec7t Nam.<\/p>\n      <div class=\"br-hero__btns\">\n        <a href=\"\/blog\" class=\"br-btn br-btn--primary\">\ud83d\udd2c Xem Nghi\u00ean C\u1ee9u<\/a>\n        <a href=\"#br-about\" class=\"br-btn br-btn--outline\">V\u1ec1 BlockResearch Hub<\/a>\n      <\/div>\n      <div class=\"br-hero__stats\">\n        <div class=\"br-stat\"><strong>300+<\/strong><span>B\u00e1o c\u00e1o<\/span><\/div>\n        <div class=\"br-stat-divider\"><\/div>\n        <div class=\"br-stat\"><strong>80+<\/strong><span>Protocol<\/span><\/div>\n        <div class=\"br-stat-divider\"><\/div>\n        <div class=\"br-stat\"><strong>60K+<\/strong><span>Researcher<\/span><\/div>\n        <div class=\"br-stat-divider\"><\/div>\n        <div class=\"br-stat\"><strong>Weekly<\/strong><span>C\u1eadp nh\u1eadt<\/span><\/div>\n      <\/div>\n    <\/div>\n    <div class=\"br-hero__visual\">\n      <div class=\"br-research-card\">\n        <div class=\"br-research-card__top\">\n          <span class=\"br-research-card__type\">\ud83d\udcc4 Research Report<\/span>\n          <span class=\"br-research-card__tag\">New<\/span>\n        <\/div>\n        <h4 class=\"br-research-card__title\">Ethereum Restaking: Ph\u00e2n T\u00edch R\u1ee7i Ro H\u1ec7 Th\u1ed1ng EigenLayer<\/h4>\n        <div class=\"br-research-card__meta\">\n          <span>\ud83d\udd2c Protocol Analysis<\/span>\n          <span>\u23f1 25 ph\u00fat \u0111\u1ecdc<\/span>\n        <\/div>\n        <div class=\"br-research-card__topics\">\n          <span class=\"br-tag\">EigenLayer<\/span>\n          <span class=\"br-tag\">Restaking<\/span>\n          <span class=\"br-tag\">DeFi Risk<\/span>\n        <\/div>\n        <div class=\"br-research-card__authors\">\n          <div class=\"br-author-avatars\">\n            <span class=\"br-avatar\">TR<\/span>\n            <span class=\"br-avatar\">MH<\/span>\n            <span class=\"br-avatar\">PL<\/span>\n          <\/div>\n          <span class=\"br-research-card__author-text\">3 Researchers \u00b7 Peer Reviewed \u2713<\/span>\n        <\/div>\n      <\/div>\n\n      <div class=\"br-hero__float br-hero__float--1\">\n        <span>\ud83d\udcca<\/span>\n        <div><strong>On-chain Data<\/strong><small>Real-time<\/small><\/div>\n      <\/div>\n      <div class=\"br-hero__float br-hero__float--2\">\n        <span>\ud83d\udd17<\/span>\n        <div><strong>300+ Papers<\/strong><small>Peer Reviewed<\/small><\/div>\n      <\/div>\n      <div class=\"br-hero__float br-hero__float--3\">\n        <span>\u2697\ufe0f<\/span>\n        <div><strong>Protocol Lab<\/strong><small>Active<\/small><\/div>\n      <\/div>\n    <\/div>\n  <\/div>\n<\/section>\n\n<!-- ========== FEATURES ========== -->\n<section class=\"br-section br-features\" id=\"br-features\">\n  <div class=\"br-container\">\n    <div class=\"br-section__header\">\n      <span class=\"br-label\">\u26a1 N\u0103ng L\u1ef1c Nghi\u00ean C\u1ee9u<\/span>\n      <h2 class=\"br-section__title\">T\u1ea1i Sao Ch\u1ecdn <span class=\"br-gradient-text\">BlockResearch Hub?<\/span><\/h2>\n      <p class=\"br-section__sub\">N\u1ec1n t\u1ea3ng nghi\u00ean c\u1ee9u blockchain to\u00e0n di\u1ec7n \u2014 t\u1eeb protocol mechanics \u0111\u1ebfn cryptoeconomics<\/p>\n    <\/div>\n    <div class=\"br-features__grid\">\n      <div class=\"br-feature-card\">\n        <div class=\"br-feature-card__icon\">\ud83d\udd2c<\/div>\n        <h3>Protocol Research<\/h3>\n        <p>Ph\u00e2n t\u00edch chuy\u00ean s\u00e2u c\u01a1 ch\u1ebf ho\u1ea1t \u0111\u1ed9ng c\u1ee7a c\u00e1c giao th\u1ee9c blockchain: consensus mechanism, tokenomics, governance v\u00e0 security model.<\/p>\n      <\/div>\n      <div class=\"br-feature-card\">\n        <div class=\"br-feature-card__icon\">\ud83d\udd17<\/div>\n        <h3>On-chain Analytics<\/h3>\n        <p>\u0110\u1ecdc v\u00e0 ph\u00e2n t\u00edch d\u1eef li\u1ec7u tr\u1ef1c ti\u1ebfp t\u1eeb blockchain: flow of funds, smart contract interactions, MEV v\u00e0 network health metrics.<\/p>\n      <\/div>\n      <div class=\"br-feature-card\">\n        <div class=\"br-feature-card__icon\">\ud83d\udcd0<\/div>\n        <h3>Cryptoeconomics<\/h3>\n        <p>Nghi\u00ean c\u1ee9u thi\u1ebft k\u1ebf c\u01a1 ch\u1ebf kinh t\u1ebf trong blockchain: incentive design, mechanism design, game theory v\u00e0 token engineering.<\/p>\n      <\/div>\n      <div class=\"br-feature-card\">\n        <div class=\"br-feature-card__icon\">\ud83d\udee1\ufe0f<\/div>\n        <h3>Security Auditing<\/h3>\n        <p>Ph\u00e2n t\u00edch l\u1ed7 h\u1ed5ng b\u1ea3o m\u1eadt, attack vectors v\u00e0 post-mortem c\u00e1c s\u1ef1 ki\u1ec7n hack\/exploit trong h\u1ec7 sinh th\u00e1i DeFi v\u00e0 smart contract.<\/p>\n      <\/div>\n      <div class=\"br-feature-card\">\n        <div class=\"br-feature-card__icon\">\ud83c\udf10<\/div>\n        <h3>Ecosystem Mapping<\/h3>\n        <p>B\u1ea3n \u0111\u1ed3 h\u00f3a h\u1ec7 sinh th\u00e1i c\u00e1c layer-1, layer-2, DeFi protocols v\u00e0 infrastructure \u2014 gi\u00fap hi\u1ec3u to\u00e0n c\u1ea3nh th\u1ecb tr\u01b0\u1eddng blockchain.<\/p>\n      <\/div>\n      <div class=\"br-feature-card\">\n        <div class=\"br-feature-card__icon\">\ud83d\udccb<\/div>\n        <h3>Peer-reviewed Reports<\/h3>\n        <p>To\u00e0n b\u1ed9 b\u00e1o c\u00e1o \u0111\u01b0\u1ee3c peer-review b\u1edfi \u0111\u1ed9i ng\u0169 researcher tr\u01b0\u1edbc khi xu\u1ea5t b\u1ea3n, \u0111\u1ea3m b\u1ea3o \u0111\u1ed9 ch\u00ednh x\u00e1c v\u00e0 kh\u00e1ch quan.<\/p>\n      <\/div>\n    <\/div>\n  <\/div>\n<\/section>\n\n<!-- ========== ABOUT ========== -->\n<section class=\"br-section br-about\" id=\"br-about\">\n  <div class=\"br-container\">\n    <div class=\"br-about__inner\">\n      <div class=\"br-about__visual\">\n        <div class=\"br-about__network\">\n          <div class=\"br-network__center\">\ud83d\udd2c<\/div>\n          <div class=\"br-network__node br-network__node--1\"><span>L1<\/span><\/div>\n          <div class=\"br-network__node br-network__node--2\"><span>L2<\/span><\/div>\n          <div class=\"br-network__node br-network__node--3\"><span>DeFi<\/span><\/div>\n          <div class=\"br-network__node br-network__node--4\"><span>NFT<\/span><\/div>\n          <div class=\"br-network__node br-network__node--5\"><span>DAO<\/span><\/div>\n          <div class=\"br-network__node br-network__node--6\"><span>ZK<\/span><\/div>\n          <svg class=\"br-network__svg\" viewBox=\"0 0 300 300\">\n            <line x1=\"150\" y1=\"150\" x2=\"150\" y2=\"40\"  stroke=\"rgba(13,148,136,0.2)\" stroke-width=\"1.5\" stroke-dasharray=\"4,4\"\/>\n            <line x1=\"150\" y1=\"150\" x2=\"248\" y2=\"95\"  stroke=\"rgba(13,148,136,0.2)\" stroke-width=\"1.5\" stroke-dasharray=\"4,4\"\/>\n            <line x1=\"150\" y1=\"150\" x2=\"248\" y2=\"205\" stroke=\"rgba(13,148,136,0.2)\" stroke-width=\"1.5\" stroke-dasharray=\"4,4\"\/>\n            <line x1=\"150\" y1=\"150\" x2=\"150\" y2=\"260\" stroke=\"rgba(13,148,136,0.2)\" stroke-width=\"1.5\" stroke-dasharray=\"4,4\"\/>\n            <line x1=\"150\" y1=\"150\" x2=\"52\"  y2=\"205\" stroke=\"rgba(13,148,136,0.2)\" stroke-width=\"1.5\" stroke-dasharray=\"4,4\"\/>\n            <line x1=\"150\" y1=\"150\" x2=\"52\"  y2=\"95\"  stroke=\"rgba(13,148,136,0.2)\" stroke-width=\"1.5\" stroke-dasharray=\"4,4\"\/>\n          <\/svg>\n        <\/div>\n      <\/div>\n      <div class=\"br-about__content\">\n        <span class=\"br-label\">\ud83c\udfdb\ufe0f V\u1ec1 Ch\u00fang T\u00f4i<\/span>\n        <h2 class=\"br-section__title\">Nghi\u00ean C\u1ee9u Nghi\u00eam T\u00fac, <br><span class=\"br-gradient-text\">Ki\u1ebfn Th\u1ee9c M\u1edf<\/span><\/h2>\n        <p class=\"br-about__text\">BlockResearch Hub \u0111\u01b0\u1ee3c th\u00e0nh l\u1eadp v\u1edbi s\u1ee9 m\u1ec7nh x\u00e2y d\u1ef1ng m\u1ed9t trung t\u00e2m nghi\u00ean c\u1ee9u blockchain \u0111\u1ed9c l\u1eadp t\u1ea1i Vi\u1ec7t Nam \u2014 n\u01a1i ki\u1ebfn th\u1ee9c h\u1ecdc thu\u1eadt g\u1eb7p g\u1ee1 th\u1ef1c ti\u1ec5n th\u1ecb tr\u01b0\u1eddng.<\/p>\n        <p class=\"br-about__text\">\u0110\u1ed9i ng\u0169 c\u1ee7a ch\u00fang t\u00f4i g\u1ed3m c\u00e1c researcher, engineer v\u00e0 economist v\u1edbi n\u1ec1n t\u1ea3ng t\u1eeb c\u00e1c t\u1ed5 ch\u1ee9c nghi\u00ean c\u1ee9u h\u00e0ng \u0111\u1ea7u. M\u1ecdi b\u00e1o c\u00e1o \u0111\u1ec1u tr\u1ea3i qua quy tr\u00ecnh peer-review nghi\u00eam ng\u1eb7t tr\u01b0\u1edbc khi xu\u1ea5t b\u1ea3n.<\/p>\n        <div class=\"br-about__values\">\n          <div class=\"br-value-item\">\n            <span class=\"br-value-icon\">\ud83c\udfaf<\/span>\n            <div><strong>\u0110\u1ed9c l\u1eadp<\/strong><p>Kh\u00f4ng nh\u1eadn t\u00e0i tr\u1ee3 t\u1eeb d\u1ef1 \u00e1n \u0111\u01b0\u1ee3c nghi\u00ean c\u1ee9u<\/p><\/div>\n          <\/div>\n          <div class=\"br-value-item\">\n            <span class=\"br-value-icon\">\ud83d\udd0d<\/span>\n            <div><strong>Minh b\u1ea1ch<\/strong><p>Methodology v\u00e0 data sources lu\u00f4n \u0111\u01b0\u1ee3c c\u00f4ng khai<\/p><\/div>\n          <\/div>\n          <div class=\"br-value-item\">\n            <span class=\"br-value-icon\">\ud83d\udcd6<\/span>\n            <div><strong>M\u1edf<\/strong><p>Ki\u1ebfn th\u1ee9c thu\u1ed9c v\u1ec1 c\u1ed9ng \u0111\u1ed3ng, kh\u00f4ng c\u00f3 paywall<\/p><\/div>\n          <\/div>\n        <\/div>\n        <div class=\"br-about__milestones\">\n          <div class=\"br-milestone\"><strong>2021<\/strong><span>Th\u00e0nh l\u1eadp<\/span><\/div>\n          <div class=\"br-milestone\"><strong>300+<\/strong><span>B\u00e1o c\u00e1o<\/span><\/div>\n          <div class=\"br-milestone\"><strong>60K+<\/strong><span>Readers<\/span><\/div>\n        <\/div>\n      <\/div>\n    <\/div>\n  <\/div>\n<\/section>\n\n<!-- ========== BLOG ========== -->\n<section class=\"br-section br-news\" id=\"br-news\">\n  <div class=\"br-container\">\n    <div class=\"br-section__header\">\n      <span class=\"br-label\">\ud83d\udcc4 Research &amp; Reports<\/span>\n      <h2 class=\"br-section__title\">B\u00e1o C\u00e1o <span class=\"br-gradient-text\">M\u1edbi Nh\u1ea5t<\/span><\/h2>\n      <p class=\"br-section__sub\">Nghi\u00ean c\u1ee9u chuy\u00ean s\u00e2u \u0111\u01b0\u1ee3c c\u1eadp nh\u1eadt h\u00e0ng tu\u1ea7n b\u1edfi \u0111\u1ed9i ng\u0169 researcher<\/p>\n    <\/div>\n    <div class=\"br-news__grid\">\n      <div class=\"br-news__featured\">\n        <div class=\"br-news-card br-news-card--featured\">\n          <div class=\"br-news-card__img-wrap\">\n            <div class=\"br-news-card__img-placeholder\"><span>\ud83d\udd2c<\/span><\/div>\n            <span class=\"br-news-card__cat\">Protocol Analysis<\/span>\n          <\/div>\n          <div class=\"br-news-card__body\">\n            <div class=\"br-news-card__meta-row\">\n              <span class=\"br-news-card__date\">24 Th\u00e1ng 2, 2026<\/span>\n              <span class=\"br-news-card__read\">\u23f1 20 ph\u00fat<\/span>\n              <span class=\"br-news-card__reviewed\">\u2713 Peer Reviewed<\/span>\n            <\/div>\n            <h3 class=\"br-news-card__title\">EigenLayer Restaking: C\u01a1 Ch\u1ebf, R\u1ee7i Ro V\u00e0 T\u00e1c \u0110\u1ed9ng H\u1ec7 Th\u1ed1ng L\u00ean Ethereum<\/h3>\n            <p class=\"br-news-card__excerpt\">Ph\u00e2n t\u00edch to\u00e0n di\u1ec7n v\u1ec1 c\u01a1 ch\u1ebf restaking c\u1ee7a EigenLayer, c\u00e1c lo\u1ea1i r\u1ee7i ro systemic c\u00f3 th\u1ec3 ph\u00e1t sinh, c\u00f9ng v\u1edbi implications \u0111\u1ed1i v\u1edbi security model c\u1ee7a Ethereum ecosystem&#8230;<\/p>\n            <div class=\"br-news-card__tags\">\n              <span class=\"br-tag\">EigenLayer<\/span>\n              <span class=\"br-tag\">Ethereum<\/span>\n              <span class=\"br-tag\">Systemic Risk<\/span>\n            <\/div>\n            <a href=\"\/blog\" class=\"br-news-card__link\">\u0110\u1ecdc b\u00e1o c\u00e1o <span>\u2192<\/span><\/a>\n          <\/div>\n        <\/div>\n      <\/div>\n      <div class=\"br-news__sidebar\">\n        <div class=\"br-news-card br-news-card--small\">\n          <div class=\"br-news-card__img-placeholder br-news-card__img-placeholder--sm\"><span>\u26a1<\/span><\/div>\n          <div class=\"br-news-card__body\">\n            <span class=\"br-news-card__cat\">Cryptoeconomics<\/span>\n            <h4>Solana Fee Market: Thi\u1ebft K\u1ebf C\u01a1 Ch\u1ebf V\u00e0 V\u1ea5n \u0110\u1ec1 Congestion<\/h4>\n            <span class=\"br-news-card__date\">20 Th\u00e1ng 2, 2026<\/span>\n          <\/div>\n        <\/div>\n        <div class=\"br-news-card br-news-card--small\">\n          <div class=\"br-news-card__img-placeholder br-news-card__img-placeholder--sm\"><span>\ud83d\udee1\ufe0f<\/span><\/div>\n          <div class=\"br-news-card__body\">\n            <span class=\"br-news-card__cat\">Security<\/span>\n            <h4>Post-mortem: Ph\u00e2n T\u00edch K\u1ef9 Thu\u1eadt V\u1ee5 Hack Bybit $1.5B<\/h4>\n            <span class=\"br-news-card__date\">18 Th\u00e1ng 2, 2026<\/span>\n          <\/div>\n        <\/div>\n        <div class=\"br-news-card br-news-card--small\">\n          <div class=\"br-news-card__img-placeholder br-news-card__img-placeholder--sm\"><span>\ud83c\udf10<\/span><\/div>\n          <div class=\"br-news-card__body\">\n            <span class=\"br-news-card__cat\">Ecosystem<\/span>\n            <h4>Base L2: Ki\u1ebfn Tr\u00fac, T\u0103ng Tr\u01b0\u1edfng V\u00e0 V\u1ecb Th\u1ebf Trong Op Stack<\/h4>\n            <span class=\"br-news-card__date\">15 Th\u00e1ng 2, 2026<\/span>\n          <\/div>\n        <\/div>\n      <\/div>\n    <\/div>\n    <div class=\"br-center\">\n      <a href=\"\/blog\" class=\"br-btn br-btn--primary\">Xem T\u1ea5t C\u1ea3 B\u00e1o C\u00e1o<\/a>\n    <\/div>\n  <\/div>\n<\/section>\n\n<!-- ========== TESTIMONIALS ========== -->\n<section class=\"br-section br-testimonials\" id=\"br-testimonials\">\n  <div class=\"br-container\">\n    <div class=\"br-section__header\">\n      <span class=\"br-label\">\ud83d\udcac C\u1ed9ng \u0110\u1ed3ng<\/span>\n      <h2 class=\"br-section__title\">Researcher N\u00f3i G\u00ec V\u1ec1 <span class=\"br-gradient-text\">BlockResearch Hub?<\/span><\/h2>\n    <\/div>\n    <div class=\"br-testimonials__grid\">\n      <div class=\"br-testimonial-card\">\n        <div class=\"br-testimonial-card__stars\">\u2605\u2605\u2605\u2605\u2605<\/div>\n        <p class=\"br-testimonial-card__text\">&#8220;BlockResearch Hub l\u00e0 ngu\u1ed3n t\u00e0i li\u1ec7u ti\u1ebfng Vi\u1ec7t duy nh\u1ea5t t\u00f4i tin t\u01b0\u1edfng khi nghi\u00ean c\u1ee9u v\u1ec1 protocol design. \u0110\u1ed9 s\u00e2u v\u00e0 t\u00ednh ch\u00ednh x\u00e1c c\u1ee7a c\u00e1c b\u00e1o c\u00e1o ngang t\u1ea7m v\u1edbi Messari hay Delphi Digital.&#8221;<\/p>\n        <div class=\"br-testimonial-card__author\">\n          <div class=\"br-testimonial-card__avatar\">HT<\/div>\n          <div><strong>H\u1ea3i Tri\u1ec1u<\/strong><span>Blockchain Researcher \u00b7 H\u00e0 N\u1ed9i<\/span><\/div>\n        <\/div>\n      <\/div>\n      <div class=\"br-testimonial-card br-testimonial-card--featured\">\n        <div class=\"br-testimonial-card__stars\">\u2605\u2605\u2605\u2605\u2605<\/div>\n        <p class=\"br-testimonial-card__text\">&#8220;Series Cryptoeconomics c\u1ee7a BlockResearch Hub \u0111\u00e3 thay \u0111\u1ed5i ho\u00e0n to\u00e0n c\u00e1ch t\u00f4i \u0111\u00e1nh gi\u00e1 m\u1ed9t d\u1ef1 \u00e1n blockchain. Hi\u1ec3u \u0111\u01b0\u1ee3c incentive design gi\u00fap t\u00f4i ra quy\u1ebft \u0111\u1ecbnh \u0111\u1ea7u t\u01b0 d\u00e0i h\u1ea1n t\u1ed1t h\u01a1n nhi\u1ec1u.&#8221;<\/p>\n        <div class=\"br-testimonial-card__author\">\n          <div class=\"br-testimonial-card__avatar\">ML<\/div>\n          <div><strong>Minh Long<\/strong><span>Protocol Engineer \u00b7 TP. HCM<\/span><\/div>\n        <\/div>\n      <\/div>\n      <div class=\"br-testimonial-card\">\n        <div class=\"br-testimonial-card__stars\">\u2605\u2605\u2605\u2605\u2605<\/div>\n        <p class=\"br-testimonial-card__text\">&#8220;Ph\u1ea7n Security Post-mortem c\u1ee7a BlockResearch Hub l\u00e0 b\u1eaft bu\u1ed9c \u0111\u1ecdc \u0111\u1ed1i v\u1edbi m\u1ecdi smart contract developer. Ph\u00e2n t\u00edch root cause r\u1ea5t k\u1ef9 l\u01b0\u1ee1ng, kh\u00f4ng ch\u1ec9 m\u00f4 t\u1ea3 b\u1ec1 m\u1eb7t nh\u01b0 c\u00e1c ngu\u1ed3n kh\u00e1c.&#8221;<\/p>\n        <div class=\"br-testimonial-card__author\">\n          <div class=\"br-testimonial-card__avatar\">NK<\/div>\n          <div><strong>Ng\u1ecdc Kh\u00e1nh<\/strong><span>Smart Contract Auditor \u00b7 \u0110\u00e0 N\u1eb5ng<\/span><\/div>\n        <\/div>\n      <\/div>\n    <\/div>\n  <\/div>\n<\/section>\n\n<!-- ========== CTA ========== -->\n<section class=\"br-section br-cta\" id=\"br-cta\">\n  <div class=\"br-container\">\n    <div class=\"br-cta__inner\">\n      <div class=\"br-cta__bg-orb br-cta__bg-orb--1\"><\/div>\n      <div class=\"br-cta__bg-orb br-cta__bg-orb--2\"><\/div>\n      <span class=\"br-label\">\ud83d\udcec Nh\u1eadn Research<\/span>\n      <h2 class=\"br-cta__title\">C\u1eadp Nh\u1eadt Nghi\u00ean C\u1ee9u <br><span class=\"br-gradient-text\">M\u1ed7i Tu\u1ea7n<\/span><\/h2>\n      <p class=\"br-cta__desc\">Tham gia c\u00f9ng 60.000+ researcher v\u00e0 nh\u00e0 \u0111\u1ea7u t\u01b0 \u0111ang theo d\u00f5i BlockResearch Hub. Nh\u1eadn b\u00e1o c\u00e1o nghi\u00ean c\u1ee9u m\u1edbi nh\u1ea5t \u2014 peer-reviewed, mi\u1ec5n ph\u00ed, th\u1eb3ng v\u00e0o inbox c\u1ee7a b\u1ea1n.<\/p>\n      <form class=\"br-cta__form\" onsubmit=\"return false;\">\n        <input type=\"email\" placeholder=\"Nh\u1eadp \u0111\u1ecba ch\u1ec9 email c\u1ee7a b\u1ea1n...\" class=\"br-cta__input\" \/>\n        <button type=\"submit\" class=\"br-btn br-btn--primary\">\u0110\u0103ng K\u00fd Mi\u1ec5n Ph\u00ed<\/button>\n      <\/form>\n      <p class=\"br-cta__note\">\u2713 Mi\u1ec5n ph\u00ed &nbsp;\u00b7&nbsp; \u2713 Kh\u00f4ng spam &nbsp;\u00b7&nbsp; \u2713 Hu\u1ef7 b\u1ea5t c\u1ee9 l\u00fac n\u00e0o<\/p>\n    <\/div>\n  <\/div>\n<\/section>\n","protected":false},"excerpt":{"rendered":"<p>\ud83d\udd2c Blockchain Research \u00b7 On-chain \u00b7 Protocol Analysis Hub Nghi\u00ean C\u1ee9u Blockchain H\u00e0ng \u0110\u1ea7uVi\u1ec7t Nam B\u00e1o c\u00e1o nghi\u00ean c\u1ee9u chuy\u00ean s\u00e2u v\u1ec1 giao th\u1ee9c blockchain, protocol mechanics, cryptoeconomics v\u00e0 h\u1ec7 sinh th\u00e1i Web3 \u2014 chu\u1ea9n m\u1ef1c h\u1ecdc thu\u1eadt, ng\u00f4n ng\u1eef Vi\u1ec7t Nam. \ud83d\udd2c Xem Nghi\u00ean C\u1ee9u V\u1ec1 BlockResearch Hub 300+B\u00e1o c\u00e1o 80+Protocol 60K+Researcher WeeklyC\u1eadp nh\u1eadt [&#8230;]\n","protected":false},"author":1,"featured_media":0,"parent":0,"menu_order":0,"comment_status":"closed","ping_status":"closed","template":"","meta":{"footnotes":""},"class_list":["post-9","page","type-page","status-publish","hentry"],"_links":{"self":[{"href":"https:\/\/blockresearchhub.site\/index.php?rest_route=\/wp\/v2\/pages\/9","targetHints":{"allow":["GET"]}}],"collection":[{"href":"https:\/\/blockresearchhub.site\/index.php?rest_route=\/wp\/v2\/pages"}],"about":[{"href":"https:\/\/blockresearchhub.site\/index.php?rest_route=\/wp\/v2\/types\/page"}],"author":[{"embeddable":true,"href":"https:\/\/blockresearchhub.site\/index.php?rest_route=\/wp\/v2\/users\/1"}],"replies":[{"embeddable":true,"href":"https:\/\/blockresearchhub.site\/index.php?rest_route=%2Fwp%2Fv2%2Fcomments&post=9"}],"version-history":[{"count":1,"href":"https:\/\/blockresearchhub.site\/index.php?rest_route=\/wp\/v2\/pages\/9\/revisions"}],"predecessor-version":[{"id":11,"href":"https:\/\/blockresearchhub.site\/index.php?rest_route=\/wp\/v2\/pages\/9\/revisions\/11"}],"wp:attachment":[{"href":"https:\/\/blockresearchhub.site\/index.php?rest_route=%2Fwp%2Fv2%2Fmedia&parent=9"}],"curies":[{"name":"wp","href":"https:\/\/api.w.org\/{rel}","templated":true}]}}